{"id":113,"date":"2025-06-27T20:25:56","date_gmt":"2025-06-28T01:25:56","guid":{"rendered":"https:\/\/picnicreposteria.com\/?post_type=product&#038;p=113"},"modified":"2025-06-27T20:26:37","modified_gmt":"2025-06-28T01:26:37","slug":"choco-aditivo-marca-enco-bote-120gr","status":"publish","type":"product","link":"https:\/\/picnicreposteria.com\/?product=choco-aditivo-marca-enco-bote-120gr","title":{"rendered":"CHOCO ADITIVO  MARCA  ENCO BOTE  120GR"},"content":{"rendered":"<p>ADITIVO ALIMENTICIO PARA PINTAR CHOCOLATE CON COLORES EN GEL ENCO, DE UNA FORMA F\u00c1CIL Y R\u00c1PIDA. UTIL\u00cdZALO EN TUS FIGURAS, COBERTURAS Y DECORACIONES<\/p>\n","protected":false},"excerpt":{"rendered":"<p>PESO: 120ML<\/p>\n","protected":false},"featured_media":80,"comment_status":"closed","ping_status":"closed","template":"","meta":[],"product_cat":[15],"product_tag":[],"_links":{"self":[{"href":"https:\/\/picnicreposteria.com\/index.php?rest_route=\/wp\/v2\/product\/113"}],"collection":[{"href":"https:\/\/picnicreposteria.com\/index.php?rest_route=\/wp\/v2\/product"}],"about":[{"href":"https:\/\/picnicreposteria.com\/index.php?rest_route=\/wp\/v2\/types\/product"}],"replies":[{"embeddable":true,"href":"https:\/\/picnicreposteria.com\/index.php?rest_route=%2Fwp%2Fv2%2Fcomments&post=113"}],"wp:featuredmedia":[{"embeddable":true,"href":"https:\/\/picnicreposteria.com\/index.php?rest_route=\/wp\/v2\/media\/80"}],"wp:attachment":[{"href":"https:\/\/picnicreposteria.com\/index.php?rest_route=%2Fwp%2Fv2%2Fmedia&parent=113"}],"wp:term":[{"taxonomy":"product_cat","embeddable":true,"href":"https:\/\/picnicreposteria.com\/index.php?rest_route=%2Fwp%2Fv2%2Fproduct_cat&post=113"},{"taxonomy":"product_tag","embeddable":true,"href":"https:\/\/picnicreposteria.com\/index.php?rest_route=%2Fwp%2Fv2%2Fproduct_tag&post=113"}],"curies":[{"name":"wp","href":"https:\/\/api.w.org\/{rel}","templated":true}]}}