{"id":121,"date":"2025-06-27T20:40:04","date_gmt":"2025-06-28T01:40:04","guid":{"rendered":"https:\/\/picnicreposteria.com\/?post_type=product&#038;p=121"},"modified":"2025-06-27T20:40:04","modified_gmt":"2025-06-28T01:40:04","slug":"set-de-cortador-para-pasta-de-goma","status":"publish","type":"product","link":"https:\/\/picnicreposteria.com\/?product=set-de-cortador-para-pasta-de-goma","title":{"rendered":"SET DE CORTADOR  PARA PASTA DE  GOMA"},"content":{"rendered":"<p>F\u00c1CIL DE USAR, PERMEABILIDAD, F\u00c1CIL DE LAVAR. PERFECTO PARA USAR CON PASTELES DE FONDANT, PASTA DE AZ\u00daCAR, PASTA DE P\u00c9TALOS, MAZAP\u00c1N PARA COCINAR O ARCILLAS DE MANUALIDADES<\/p>\n","protected":false},"excerpt":{"rendered":"<p>COLOR: BLANCO Y ROSADO<\/p>\n","protected":false},"featured_media":90,"comment_status":"closed","ping_status":"closed","template":"","meta":[],"product_cat":[15],"product_tag":[],"_links":{"self":[{"href":"https:\/\/picnicreposteria.com\/index.php?rest_route=\/wp\/v2\/product\/121"}],"collection":[{"href":"https:\/\/picnicreposteria.com\/index.php?rest_route=\/wp\/v2\/product"}],"about":[{"href":"https:\/\/picnicreposteria.com\/index.php?rest_route=\/wp\/v2\/types\/product"}],"replies":[{"embeddable":true,"href":"https:\/\/picnicreposteria.com\/index.php?rest_route=%2Fwp%2Fv2%2Fcomments&post=121"}],"wp:featuredmedia":[{"embeddable":true,"href":"https:\/\/picnicreposteria.com\/index.php?rest_route=\/wp\/v2\/media\/90"}],"wp:attachment":[{"href":"https:\/\/picnicreposteria.com\/index.php?rest_route=%2Fwp%2Fv2%2Fmedia&parent=121"}],"wp:term":[{"taxonomy":"product_cat","embeddable":true,"href":"https:\/\/picnicreposteria.com\/index.php?rest_route=%2Fwp%2Fv2%2Fproduct_cat&post=121"},{"taxonomy":"product_tag","embeddable":true,"href":"https:\/\/picnicreposteria.com\/index.php?rest_route=%2Fwp%2Fv2%2Fproduct_tag&post=121"}],"curies":[{"name":"wp","href":"https:\/\/api.w.org\/{rel}","templated":true}]}}