{"id":124,"date":"2025-06-27T20:45:42","date_gmt":"2025-06-28T01:45:42","guid":{"rendered":"https:\/\/picnicreposteria.com\/?post_type=product&#038;p=124"},"modified":"2025-06-27T20:45:42","modified_gmt":"2025-06-28T01:45:42","slug":"molde-para-galleta-gigante-de-corazon-wilton","status":"publish","type":"product","link":"https:\/\/picnicreposteria.com\/?product=molde-para-galleta-gigante-de-corazon-wilton","title":{"rendered":"MOLDE PARA GALLETA  GIGANTE DE  CORAZ\u00d3N  WILTON"},"content":{"rendered":"<p>MOLDE GALLETA CORAZ\u00d3N GIGANTE SAN VALENT\u00cdN<\/p>\n<p>HORNEA EL AMOR JUSTO CUANDO USES ESTE MOLDE PARA PASTEL ANTIADHERENTE DE CORAZ\u00d3N PARA EL D\u00cdA DE SAN VALENT\u00cdN.<\/p>\n","protected":false},"excerpt":{"rendered":"<p>HECHO DE ACERO; ANTIADHERENTE PARA UNA F\u00c1CIL LIBERACI\u00d3N Y LIMPIEZA R\u00c1PIDA.<\/p>\n<p>DIMENSIONES DEL PRODUCTO:<br \/>\n28.58 X 29.85 X 2.54 CM<\/p>\n","protected":false},"featured_media":83,"comment_status":"closed","ping_status":"closed","template":"","meta":[],"product_cat":[15],"product_tag":[],"_links":{"self":[{"href":"https:\/\/picnicreposteria.com\/index.php?rest_route=\/wp\/v2\/product\/124"}],"collection":[{"href":"https:\/\/picnicreposteria.com\/index.php?rest_route=\/wp\/v2\/product"}],"about":[{"href":"https:\/\/picnicreposteria.com\/index.php?rest_route=\/wp\/v2\/types\/product"}],"replies":[{"embeddable":true,"href":"https:\/\/picnicreposteria.com\/index.php?rest_route=%2Fwp%2Fv2%2Fcomments&post=124"}],"wp:featuredmedia":[{"embeddable":true,"href":"https:\/\/picnicreposteria.com\/index.php?rest_route=\/wp\/v2\/media\/83"}],"wp:attachment":[{"href":"https:\/\/picnicreposteria.com\/index.php?rest_route=%2Fwp%2Fv2%2Fmedia&parent=124"}],"wp:term":[{"taxonomy":"product_cat","embeddable":true,"href":"https:\/\/picnicreposteria.com\/index.php?rest_route=%2Fwp%2Fv2%2Fproduct_cat&post=124"},{"taxonomy":"product_tag","embeddable":true,"href":"https:\/\/picnicreposteria.com\/index.php?rest_route=%2Fwp%2Fv2%2Fproduct_tag&post=124"}],"curies":[{"name":"wp","href":"https:\/\/api.w.org\/{rel}","templated":true}]}}